{"id":2741,"date":"2013-09-30T16:31:46","date_gmt":"2013-09-30T14:31:46","guid":{"rendered":"https:\/\/parasol-sps.com\/?page_id=2741"},"modified":"2013-09-30T16:31:46","modified_gmt":"2013-09-30T14:31:46","slug":"la-societe","status":"publish","type":"page","link":"https:\/\/parasol-sps.com\/fr\/la-societe\/","title":{"rendered":"La Soci\u00e9t\u00e9"},"content":{"rendered":"<p>SPS, Sistemas de Protecci\u00f3n Solar, est une soci\u00e9t\u00e9 d\u00e9di\u00e9e \u00e0 la fabrication et la commercialisation de toutes sortes de parasols et accessoires. Se concentrant sur de grands parasols con\u00e7us pour r\u00e9soudre des espaces de loisirs en plein air.<\/p>\n<p>La soci\u00e9t\u00e9 a commenc\u00e9 son activit\u00e9 en 1997 dans Sarral, marquant objectifs de designs &#8211; qualit\u00e9 &#8211; service, et gr\u00e2ce aux efforts de l&rsquo;\u00e9quipe qui la compose, SPS est aujourd&rsquo;hui une marque qui sont bien positionn\u00e9 dans l&rsquo;expansion nationale et internationale.<\/p>\n<h2>Nous fabriquons<\/h2>\n<p>Nous sommes des fabricants de parasols, notre but est d&rsquo;offrir conception, de qualit\u00e9 et de service offrant plus de confort dans les espaces ext\u00e9rieurs. Nous pr\u00e9sentons un attrayant produit, pratique et indispensable pour les exigences d&rsquo;aujourd&rsquo;hui.<\/p>\n<h2>\u00c9volution<\/h2>\n<p>Au SPS, nous nous effor\u00e7ons de d\u00e9velopper de nouvelles technologies pour l&rsquo;application de l&rsquo;am\u00e9lioration continue dans la fabrication de nos produits, consolidant chaque jour sur le march\u00e9 int\u00e9rieur et l&rsquo;ouverture de nouveaux horizons sur la sc\u00e8ne internationale.<\/p>\n<h2>Satisfaction<\/h2>\n<p>Notre objectif est de r\u00e9pondre aux besoins de nos clients en offrant un excellent service avec une ambiance conviviale et professionnelle.<\/p>\n","protected":false},"excerpt":{"rendered":"<p>SPS, Sistemas de Protecci\u00f3n Solar, est une soci\u00e9t\u00e9 d\u00e9di\u00e9e \u00e0 la fabrication et la commercialisation de toutes sortes de parasols et accessoires. Se concentrant sur de grands parasols con\u00e7us pour r\u00e9soudre des espaces de loisirs en plein air. La soci\u00e9t\u00e9 a commenc\u00e9 son activit\u00e9 en 1997 dans Sarral, marquant objectifs de designs &#8211; qualit\u00e9 &#8211; [&hellip;]<\/p>\n","protected":false},"author":1,"featured_media":0,"parent":0,"menu_order":3,"comment_status":"open","ping_status":"closed","template":"","meta":{"_exactmetrics_skip_tracking":false,"_exactmetrics_sitenote_active":false,"_exactmetrics_sitenote_note":"","_exactmetrics_sitenote_category":0,"footnotes":""},"class_list":["post-2741","page","type-page","status-publish","hentry"],"yoast_head":"<!-- This site is optimized with the Yoast SEO plugin v27.4 - https:\/\/yoast.com\/product\/yoast-seo-wordpress\/ -->\n<title>La Soci\u00e9t\u00e9 - SPS, Sistemas de Protecci\u00f3n Solar \u00b7 Parasoles y Sombrillas<\/title>\n<meta name=\"description\" content=\"SPS, Sistemas de Protecci\u00f3n Solar, est une soci\u00e9t\u00e9 d\u00e9di\u00e9e \u00e0 la fabrication et la commercialisation de toutes sortes de parasols et accessoires. Se\" \/>\n<meta name=\"robots\" content=\"index, follow, max-snippet:-1, max-image-preview:large, max-video-preview:-1\" \/>\n<link rel=\"canonical\" href=\"https:\/\/parasol-sps.com\/fr\/la-societe\/\" \/>\n<meta property=\"og:locale\" content=\"fr_FR\" \/>\n<meta property=\"og:type\" content=\"article\" \/>\n<meta property=\"og:title\" content=\"La Soci\u00e9t\u00e9 - SPS, Sistemas de Protecci\u00f3n Solar \u00b7 Parasoles y Sombrillas\" \/>\n<meta property=\"og:description\" content=\"SPS, Sistemas de Protecci\u00f3n Solar, est une soci\u00e9t\u00e9 d\u00e9di\u00e9e \u00e0 la fabrication et la commercialisation de toutes sortes de parasols et accessoires. Se\" \/>\n<meta property=\"og:url\" content=\"https:\/\/parasol-sps.com\/fr\/la-societe\/\" \/>\n<meta property=\"og:site_name\" content=\"SPS, Sistemas de Protecci\u00f3n Solar \u00b7 Parasoles y Sombrillas\" \/>\n<meta name=\"twitter:label1\" content=\"Dur\u00e9e de lecture estim\u00e9e\" \/>\n\t<meta name=\"twitter:data1\" content=\"1 minute\" \/>\n<script type=\"application\/ld+json\" class=\"yoast-schema-graph\">{\"@context\":\"https:\\\/\\\/schema.org\",\"@graph\":[{\"@type\":\"WebPage\",\"@id\":\"https:\\\/\\\/parasol-sps.com\\\/fr\\\/la-societe\\\/\",\"url\":\"https:\\\/\\\/parasol-sps.com\\\/fr\\\/la-societe\\\/\",\"name\":\"La Soci\u00e9t\u00e9 - SPS, Sistemas de Protecci\u00f3n Solar \u00b7 Parasoles y Sombrillas\",\"isPartOf\":{\"@id\":\"https:\\\/\\\/parasol-sps.com\\\/fr\\\/#website\"},\"datePublished\":\"2013-09-30T14:31:46+00:00\",\"description\":\"SPS, Sistemas de Protecci\u00f3n Solar, est une soci\u00e9t\u00e9 d\u00e9di\u00e9e \u00e0 la fabrication et la commercialisation de toutes sortes de parasols et accessoires. Se\",\"inLanguage\":\"fr-FR\",\"potentialAction\":[{\"@type\":\"ReadAction\",\"target\":[\"https:\\\/\\\/parasol-sps.com\\\/fr\\\/la-societe\\\/\"]}]},{\"@type\":\"WebSite\",\"@id\":\"https:\\\/\\\/parasol-sps.com\\\/fr\\\/#website\",\"url\":\"https:\\\/\\\/parasol-sps.com\\\/fr\\\/\",\"name\":\"SPS, Sistemas de Protecci\u00f3n Solar \u00b7 Parasoles y Sombrillas\",\"description\":\"Fabricantes de parasoles de grandes dimensiones desde 1997\",\"potentialAction\":[{\"@type\":\"SearchAction\",\"target\":{\"@type\":\"EntryPoint\",\"urlTemplate\":\"https:\\\/\\\/parasol-sps.com\\\/fr\\\/?s={search_term_string}\"},\"query-input\":{\"@type\":\"PropertyValueSpecification\",\"valueRequired\":true,\"valueName\":\"search_term_string\"}}],\"inLanguage\":\"fr-FR\"}]}<\/script>\n<!-- \/ Yoast SEO plugin. -->","yoast_head_json":{"title":"La Soci\u00e9t\u00e9 - SPS, Sistemas de Protecci\u00f3n Solar \u00b7 Parasoles y Sombrillas","description":"SPS, Sistemas de Protecci\u00f3n Solar, est une soci\u00e9t\u00e9 d\u00e9di\u00e9e \u00e0 la fabrication et la commercialisation de toutes sortes de parasols et accessoires. Se","robots":{"index":"index","follow":"follow","max-snippet":"max-snippet:-1","max-image-preview":"max-image-preview:large","max-video-preview":"max-video-preview:-1"},"canonical":"https:\/\/parasol-sps.com\/fr\/la-societe\/","og_locale":"fr_FR","og_type":"article","og_title":"La Soci\u00e9t\u00e9 - SPS, Sistemas de Protecci\u00f3n Solar \u00b7 Parasoles y Sombrillas","og_description":"SPS, Sistemas de Protecci\u00f3n Solar, est une soci\u00e9t\u00e9 d\u00e9di\u00e9e \u00e0 la fabrication et la commercialisation de toutes sortes de parasols et accessoires. Se","og_url":"https:\/\/parasol-sps.com\/fr\/la-societe\/","og_site_name":"SPS, Sistemas de Protecci\u00f3n Solar \u00b7 Parasoles y Sombrillas","twitter_misc":{"Dur\u00e9e de lecture estim\u00e9e":"1 minute"},"schema":{"@context":"https:\/\/schema.org","@graph":[{"@type":"WebPage","@id":"https:\/\/parasol-sps.com\/fr\/la-societe\/","url":"https:\/\/parasol-sps.com\/fr\/la-societe\/","name":"La Soci\u00e9t\u00e9 - SPS, Sistemas de Protecci\u00f3n Solar \u00b7 Parasoles y Sombrillas","isPartOf":{"@id":"https:\/\/parasol-sps.com\/fr\/#website"},"datePublished":"2013-09-30T14:31:46+00:00","description":"SPS, Sistemas de Protecci\u00f3n Solar, est une soci\u00e9t\u00e9 d\u00e9di\u00e9e \u00e0 la fabrication et la commercialisation de toutes sortes de parasols et accessoires. Se","inLanguage":"fr-FR","potentialAction":[{"@type":"ReadAction","target":["https:\/\/parasol-sps.com\/fr\/la-societe\/"]}]},{"@type":"WebSite","@id":"https:\/\/parasol-sps.com\/fr\/#website","url":"https:\/\/parasol-sps.com\/fr\/","name":"SPS, Sistemas de Protecci\u00f3n Solar \u00b7 Parasoles y Sombrillas","description":"Fabricantes de parasoles de grandes dimensiones desde 1997","potentialAction":[{"@type":"SearchAction","target":{"@type":"EntryPoint","urlTemplate":"https:\/\/parasol-sps.com\/fr\/?s={search_term_string}"},"query-input":{"@type":"PropertyValueSpecification","valueRequired":true,"valueName":"search_term_string"}}],"inLanguage":"fr-FR"}]}},"_links":{"self":[{"href":"https:\/\/parasol-sps.com\/fr\/wp-json\/wp\/v2\/pages\/2741","targetHints":{"allow":["GET"]}}],"collection":[{"href":"https:\/\/parasol-sps.com\/fr\/wp-json\/wp\/v2\/pages"}],"about":[{"href":"https:\/\/parasol-sps.com\/fr\/wp-json\/wp\/v2\/types\/page"}],"author":[{"embeddable":true,"href":"https:\/\/parasol-sps.com\/fr\/wp-json\/wp\/v2\/users\/1"}],"replies":[{"embeddable":true,"href":"https:\/\/parasol-sps.com\/fr\/wp-json\/wp\/v2\/comments?post=2741"}],"version-history":[{"count":0,"href":"https:\/\/parasol-sps.com\/fr\/wp-json\/wp\/v2\/pages\/2741\/revisions"}],"wp:attachment":[{"href":"https:\/\/parasol-sps.com\/fr\/wp-json\/wp\/v2\/media?parent=2741"}],"curies":[{"name":"wp","href":"https:\/\/api.w.org\/{rel}","templated":true}]}}